{"id":5964,"date":"2025-07-31T12:13:00","date_gmt":"2025-07-31T10:13:00","guid":{"rendered":"https:\/\/wildeye.pl\/?page_id=5964"},"modified":"2025-07-31T15:38:54","modified_gmt":"2025-07-31T13:38:54","slug":"regulamin","status":"publish","type":"page","link":"https:\/\/wildeye.pl\/en\/regulamin\/","title":{"rendered":"Regulamin"},"content":{"rendered":"<div data-elementor-type=\"wp-page\" data-elementor-id=\"5964\" class=\"elementor elementor-5964\">\n\t\t\t\t<div class=\"elementor-element elementor-element-9962d55 e-flex e-con-boxed e-con e-parent\" data-id=\"9962d55\" data-element_type=\"container\" data-settings=\"{&quot;background_background&quot;:&quot;classic&quot;}\">\n\t\t\t\t\t<div class=\"e-con-inner\">\n\t\t<div class=\"elementor-element elementor-element-6b2d7ce e-con-full e-flex e-con e-child\" data-id=\"6b2d7ce\" data-element_type=\"container\">\n\t\t\t\t<div class=\"elementor-element elementor-element-040ca1e elementor-widget elementor-widget-heading\" data-id=\"040ca1e\" data-element_type=\"widget\" data-widget_type=\"heading.default\">\n\t\t\t\t<div class=\"elementor-widget-container\">\n\t\t\t\t\t<h1 class=\"elementor-heading-title elementor-size-default\">regulamin<\/h1>\t\t\t\t<\/div>\n\t\t\t\t<\/div>\n\t\t\t\t<\/div>\n\t\t\t\t\t<\/div>\n\t\t\t\t<\/div>\n\t\t<div class=\"elementor-element elementor-element-91de3fe e-con-full e-flex e-con e-parent\" data-id=\"91de3fe\" data-element_type=\"container\" data-settings=\"{&quot;background_background&quot;:&quot;classic&quot;}\">\n\t\t\t\t<div class=\"elementor-element elementor-element-7c3c7e5 elementor-widget elementor-widget-text-editor\" data-id=\"7c3c7e5\" data-element_type=\"widget\" data-widget_type=\"text-editor.default\">\n\t\t\t\t<div class=\"elementor-widget-container\">\n\t\t\t\t\t\t\t\t\t<p data-start=\"285\" data-end=\"507\">Regulamin okre\u015bla zasady korzystania z przestrzeni glampingowej Wild Eye. Dokonuj\u0105c rezerwacji, Go\u015b\u0107 potwierdza zapoznanie si\u0119 z regulaminem i akceptuje jego postanowienia.<\/p>\n<h2 data-start=\"514\" data-end=\"541\">1. Rezerwacja i p\u0142atno\u015b\u0107<\/h2>\n<p data-start=\"542\" data-end=\"866\">1.1. Rezerwacja zostaje potwierdzona po zaksi\u0119gowaniu wymaganej przedp\u0142aty.<br data-start=\"617\" data-end=\"620\">1.2. Pozosta\u0142a kwota, je\u015bli dotyczy, p\u0142atna jest najp\u00f3\u017aniej w dniu przyjazdu.<br data-start=\"697\" data-end=\"700\">1.3. Zmiana lub anulowanie rezerwacji mo\u017cliwe s\u0105 zgodnie z warunkami podanymi w momencie rezerwacji.<br data-start=\"800\" data-end=\"803\">1.4. Dokonanie rezerwacji oznacza zgod\u0119 na niniejszy regulamin.<\/p>\n<h2 data-start=\"873\" data-end=\"906\">2. Zameldowanie i wymeldowanie<\/h2>\n<p data-start=\"907\" data-end=\"1135\">2.1. Doba glampingowa trwa od godziny 14:00 do 11:00.<br data-start=\"960\" data-end=\"963\">2.2. Wcze\u015bniejsze zameldowanie lub p\u00f3\u017aniejsze wymeldowanie mo\u017cliwe po wcze\u015bniejszym uzgodnieniu.<br data-start=\"1059\" data-end=\"1062\">2.3. Go\u015bcie proszeni s\u0105 o poinformowanie o planowanej godzinie przyjazdu.<\/p>\n<h2 data-start=\"1142\" data-end=\"1162\">3. Warunki pobytu<\/h2>\n<p data-start=\"1163\" data-end=\"1944\">3.1. Po zakwaterowaniu nale\u017cy sprawdzi\u0107 stan wyposa\u017cenia kokonu. Wszelkie nieprawid\u0142owo\u015bci nale\u017cy niezw\u0142ocznie zg\u0142osi\u0107 gospodarzom.<br data-start=\"1294\" data-end=\"1297\">3.2. Brak zg\u0142oszenia usterek mo\u017ce skutkowa\u0107 obci\u0105\u017ceniem Go\u015bcia kosztami naprawy.<br data-start=\"1377\" data-end=\"1380\">3.3. Go\u015bcie odpowiadaj\u0105 za szkody i zniszczenia powsta\u0142e z ich winy.<br data-start=\"1478\" data-end=\"1481\">3.4. W przypadku silnych zabrudze\u0144 wymagaj\u0105cych gruntownego czyszczenia, mo\u017ce zosta\u0107 naliczona op\u0142ata specjalna.<br data-start=\"1664\" data-end=\"1667\">3.5. Obowi\u0105zuje cisza nocna w godzinach 22:00\u20137:00. Nie przyjmujemy imprez z g\u0142o\u015bn\u0105 muzyk\u0105.<br data-start=\"1792\" data-end=\"1795\">3.6. Teren zewn\u0119trzny mo\u017ce by\u0107 obj\u0119ty monitoringiem. Wn\u0119trza nie s\u0105 monitorowane.&nbsp;<br><span style=\"font-style: inherit; font-weight: inherit;\">3.7 Prosimy o <\/span><strong style=\"font-style: inherit;\" data-start=\"2002\" data-end=\"2030\">zamykanie siatki kokon\u00f3w<\/strong><span style=\"font-style: inherit; font-weight: inherit;\"> na zamek b\u0142yskawiczny lub rzep \u2013 szczeg\u00f3lnie wieczorami i podczas nieobecno\u015bci.<br><\/span><span style=\"font-style: inherit; font-weight: inherit;\">3.8. Prosimy o pozostawienie porz\u0105dku przy wymeldowaniu.<\/span><\/p>\n<h2 data-start=\"1951\" data-end=\"1974\">4. Kuchnia i \u017cywno\u015b\u0107<\/h2>\n<p data-start=\"1975\" data-end=\"2228\">4.1. Kuchnia ogrodowa jest wsp\u00f3lna \u2013 prosimy o korzystanie z niej z poszanowaniem innych go\u015bci.<br data-start=\"2070\" data-end=\"2073\">4.2. Jedzenie nale\u017cy chowa\u0107 do lod\u00f3wki lub szafek \u2013 szczeg\u00f3lnie na noc.<br data-start=\"2144\" data-end=\"2147\">4.3. Rozpalanie ogniska mo\u017cliwe wy\u0142\u0105cznie w wyznaczonych miejscach.<br>4.4 Prosimy o opuszczanie rolet na noc oraz gdy pada deszcz<\/p>\n<h2 data-start=\"2235\" data-end=\"2260\">5. Czysto\u015b\u0107 i ekologia<\/h2>\n<p data-start=\"2261\" data-end=\"2518\">5.1. Obowi\u0105zuje segregacja \u015bmieci \u2013 odpowiednie pojemniki dost\u0119pne s\u0105 na terenie glampingu.<br data-start=\"2352\" data-end=\"2355\">5.2. W kokonach prosimy o zdejmowanie obuwia. Skrzynki na obuwie przed wej\u015bciem.<br data-start=\"2425\" data-end=\"2428\">5.3. Starajmy si\u0119 ogranicza\u0107 zu\u017cycie wody i pr\u0105du oraz nie u\u017cywa\u0107 jednorazowych plastik\u00f3w.<\/p>\n<h2 data-start=\"2525\" data-end=\"2537\">6. Zakazy<\/h2>\n<p data-start=\"2538\" data-end=\"2943\">6.1. W kokonach, na tarasach oraz we wszystkich pomieszczeniach obowi\u0105zuje <strong data-start=\"2565\" data-end=\"2645\">zakaz palenia ognia w tym papieros\u00f3w, e-papieros\u00f3w, \u015bwieczek, kadzide\u0142ek i innych<\/strong>.<br data-start=\"2646\" data-end=\"2649\">6.2. Palenie dozwolone jest tylko w pobli\u017cu parkingu oraz ogniska.<br data-start=\"2725\" data-end=\"2728\">6.3. Zakazane jest pod\u0142\u0105czanie w\u0142asnych urz\u0105dze\u0144 elektrycznych np. grzejnik\u00f3w (nie dotyczy \u0142adowarek urz\u0105dze\u0144 przeno\u015bnych).<br data-start=\"2817\" data-end=\"2820\">6.4. Niedozwolone jest wnoszenie jedzenia i picia do kokon\u00f3w oraz do sauny.<\/p>\n<h2 data-start=\"2950\" data-end=\"2972\">7. Odpowiedzialno\u015b\u0107<\/h2>\n<p data-start=\"2973\" data-end=\"3376\">7.1. Wild Eye nie ponosi odpowiedzialno\u015bci za pozostawione rzeczy oraz za szkody wyrz\u0105dzone przez si\u0142y natury (deszcz, burze, wiatr, owady, dzikie zwierz\u0119ta).<br data-start=\"3131\" data-end=\"3134\">7.2. Parking jest bezp\u0142atny i niestrze\u017cony \u2013 w\u0142a\u015bciciel nie odpowiada za ewentualne szkody lub kradzie\u017c.<br data-start=\"3238\" data-end=\"3241\">7.3. Przej\u015bciowe niedogodno\u015bci, takie jak przerwy w dostawie pr\u0105du czy konserwacja infrastruktury, nie stanowi\u0105 podstawy do reklamacji.<\/p>\n<h2 data-start=\"3383\" data-end=\"3395\">8. Dzieci<\/h2>\n<p data-start=\"3396\" data-end=\"3747\">8.1. Dzieci pozostaj\u0105 pod wy\u0142\u0105czn\u0105 opiek\u0105 i odpowiedzialno\u015bci\u0105 rodzic\u00f3w lub opiekun\u00f3w prawnych.<br data-start=\"3565\" data-end=\"3568\">8.2. Dzieci mog\u0105 przebywa\u0107 na tarasach, w strefie SPA oraz korzysta\u0107 z konstrukcji tylko pod opiek\u0105 doros\u0142ych.<\/p>\n<h2 data-start=\"3754\" data-end=\"3769\">9. Zwierz\u0119ta<\/h2>\n<p data-start=\"3770\" data-end=\"4058\">9.1. Na terenie glampingu mieszkaj\u0105 pies Giewont i kot Mruczek \u2013 s\u0105 przyjazne, ale nie nale\u017cy ich dokarmia\u0107.<br data-start=\"3878\" data-end=\"3881\">9.2. Nie przyjmujemy go\u015bci ze zwierz\u0119tami.<\/p>\n<h2 data-start=\"4065\" data-end=\"4093\">10. Sauna, balia<\/h2>\n<p data-start=\"4094\" data-end=\"4762\">10.1. Sauna oraz balia z hydromasa\u017cem s\u0105 dost\u0119pne dla Go\u015bci zgodnie z wcze\u015bniejsz\u0105 rezerwacj\u0105 oraz w ustalonych godzinach.<br data-start=\"4176\" data-end=\"4179\">10.2. Przed skorzystaniem z sauny lub balii wymagane jest dok\u0142adne umycie cia\u0142a.<br data-start=\"4291\" data-end=\"4294\">10.3. Dzieci mog\u0105 korzysta\u0107 ze strefy SPA tylko pod opiek\u0105 doros\u0142ych.<br data-start=\"4363\" data-end=\"4366\">10.4. W saunie obowi\u0105zuje siedzenie na r\u0119czniku i zachowanie zasad higieny.<br data-start=\"4564\" data-end=\"4567\">10.5. Zabrania si\u0119 polewania kamieni pieca w saunie p\u0142ynami, w tym olejkami eterycznymi, zapachowymi lub innymi substancjami.<br data-start=\"4625\" data-end=\"4628\">10.7. Istniej\u0105 przeciwwskazania zdrowotne do korzystania z sauny \u2013 gospodarze nie ponosz\u0105 odpowiedzialno\u015bci za ich zignorowanie.<\/p>\n<h2 data-start=\"4959\" data-end=\"4976\">11. Pogoda i bezpiecze\u0144stwo<\/h2>\n<p data-start=\"223\" data-end=\"1002\">11.1. Wild Eye to miejsce blisko natury \u2013 wiatr, deszcz, odg\u0142osy burzy czy ko\u0142ysanie kokonu s\u0105 cz\u0119\u015bci\u0105 le\u015bnego do\u015bwiadczenia.<br data-start=\"330\" data-end=\"333\">11.2. W przypadku ekstremalnych zjawisk pogodowych (np. huraganowy wiatr, gwa\u0142towna burza) zalecamy przeczekanie ich w altanie kuchennej lub \u2013 w razie potrzeby \u2013 u gospodarzy.<br data-start=\"493\" data-end=\"496\">11.3. W przypadku prognoz huraganowego wiatru mo\u017cemy by\u0107 zmuszeni do odwo\u0142ania rezerwacji z kr\u00f3tkim wyprzedzeniem i zwr\u00f3cenia 100% wp\u0142aconej kwoty.<br data-start=\"610\" data-end=\"613\">11.4. Prosimy o \u015bledzenie prognoz i alert\u00f3w pogodowych przed i w trakcie pobytu.<br data-start=\"693\" data-end=\"696\" data-is-only-node=\"\">11.5. Ze wzgl\u0119du na charakter miejsca (wysokie tarasy, strome schody, mostki, g\u00f3rskie \u015bcie\u017cki), prosimy o zachowanie ostro\u017cno\u015bci, szczeg\u00f3lnie po zmroku i podczas opad\u00f3w.<br data-start=\"855\" data-end=\"858\">11.6. Korzystanie z infrastruktury odbywa si\u0119 na w\u0142asn\u0105 odpowiedzialno\u015b\u0107 \u2013 dzieci mog\u0105 porusza\u0107 si\u0119 po terenie wy\u0142\u0105cznie pod nadzorem doros\u0142ych.<\/p>\n<h2 data-start=\"4959\" data-end=\"4976\">12. Reklamacje<\/h2>\n<p data-start=\"4977\" data-end=\"5216\">12.1. Wszelkie uwagi i reklamacje mo\u017cna zg\u0142asza\u0107 bezpo\u015brednio do gospodarzy.<br data-start=\"5053\" data-end=\"5056\">12.2. Reklamacje nale\u017cy zg\u0142asza\u0107 niezw\u0142ocznie po zauwa\u017ceniu uchybie\u0144.<br data-start=\"5125\" data-end=\"5128\">12.3. Zale\u017cy nam na tym, by pobyt by\u0142 wyj\u0105tkowy \u2013 ka\u017cd\u0105 spraw\u0119 traktujemy indywidualnie.<\/p>\t\t\t\t\t\t\t\t<\/div>\n\t\t\t\t<\/div>\n\t\t\t\t<\/div>\n\t\t\t\t<\/div>","protected":false},"excerpt":{"rendered":"<p>regulamin Regulamin okre\u015bla zasady korzystania z przestrzeni glampingowej Wild Eye. Dokonuj\u0105c rezerwacji, Go\u015b\u0107 potwierdza zapoznanie si\u0119 z regulaminem i akceptuje jego postanowienia. 1. Rezerwacja i p\u0142atno\u015b\u0107 1.1. Rezerwacja zostaje potwierdzona po zaksi\u0119gowaniu wymaganej przedp\u0142aty.1.2. Pozosta\u0142a kwota, je\u015bli dotyczy, p\u0142atna jest najp\u00f3\u017aniej w dniu przyjazdu.1.3. Zmiana lub anulowanie rezerwacji mo\u017cliwe s\u0105 zgodnie z warunkami podanymi w [&hellip;]<\/p>","protected":false},"author":1,"featured_media":0,"parent":0,"menu_order":0,"comment_status":"closed","ping_status":"closed","template":"","meta":{"site-sidebar-layout":"no-sidebar","site-content-layout":"page-builder","ast-site-content-layout":"full-width-container","site-content-style":"unboxed","site-sidebar-style":"unboxed","ast-global-header-display":"","ast-banner-title-visibility":"","ast-main-header-display":"","ast-hfb-above-header-display":"","ast-hfb-below-header-display":"","ast-hfb-mobile-header-display":"","site-post-title":"disabled","ast-breadcrumbs-content":"","ast-featured-img":"disabled","footer-sml-layout":"","theme-transparent-header-meta":"enabled","adv-header-id-meta":"","stick-header-meta":"","header-above-stick-meta":"","header-main-stick-meta":"","header-below-stick-meta":"","astra-migrate-meta-layouts":"set","ast-page-background-enabled":"default","ast-page-background-meta":{"desktop":{"background-color":"","background-image":"","background-repeat":"repeat","background-position":"center center","background-size":"auto","background-attachment":"scroll","background-type":"","background-media":"","overlay-type":"","overlay-color":"","overlay-opacity":"","overlay-gradient":""},"tablet":{"background-color":"","background-image":"","background-repeat":"repeat","background-position":"center center","background-size":"auto","background-attachment":"scroll","background-type":"","background-media":"","overlay-type":"","overlay-color":"","overlay-opacity":"","overlay-gradient":""},"mobile":{"background-color":"","background-image":"","background-repeat":"repeat","background-position":"center center","background-size":"auto","background-attachment":"scroll","background-type":"","background-media":"","overlay-type":"","overlay-color":"","overlay-opacity":"","overlay-gradient":""}},"ast-content-background-meta":{"desktop":{"background-color":"var(--ast-global-color-5)","background-image":"","background-repeat":"repeat","background-position":"center center","background-size":"auto","background-attachment":"scroll","background-type":"","background-media":"","overlay-type":"","overlay-color":"","overlay-opacity":"","overlay-gradient":""},"tablet":{"background-color":"var(--ast-global-color-5)","background-image":"","background-repeat":"repeat","background-position":"center center","background-size":"auto","background-attachment":"scroll","background-type":"","background-media":"","overlay-type":"","overlay-color":"","overlay-opacity":"","overlay-gradient":""},"mobile":{"background-color":"var(--ast-global-color-5)","background-image":"","background-repeat":"repeat","background-position":"center center","background-size":"auto","background-attachment":"scroll","background-type":"","background-media":"","overlay-type":"","overlay-color":"","overlay-opacity":"","overlay-gradient":""}},"footnotes":""},"class_list":["post-5964","page","type-page","status-publish","hentry"],"yoast_head":"<!-- This site is optimized with the Yoast SEO plugin v25.5 - https:\/\/yoast.com\/wordpress\/plugins\/seo\/ -->\n<title>Regulamin - WildEye<\/title>\n<meta name=\"robots\" content=\"index, follow, max-snippet:-1, max-image-preview:large, max-video-preview:-1\" \/>\n<link rel=\"canonical\" href=\"https:\/\/wildeye.pl\/en\/regulamin\/\" \/>\n<meta property=\"og:locale\" content=\"en_GB\" \/>\n<meta property=\"og:type\" content=\"article\" \/>\n<meta property=\"og:title\" content=\"Regulamin - WildEye\" \/>\n<meta property=\"og:description\" content=\"regulamin Regulamin okre\u015bla zasady korzystania z przestrzeni glampingowej Wild Eye. Dokonuj\u0105c rezerwacji, Go\u015b\u0107 potwierdza zapoznanie si\u0119 z regulaminem i akceptuje jego postanowienia. 1. Rezerwacja i p\u0142atno\u015b\u0107 1.1. Rezerwacja zostaje potwierdzona po zaksi\u0119gowaniu wymaganej przedp\u0142aty.1.2. Pozosta\u0142a kwota, je\u015bli dotyczy, p\u0142atna jest najp\u00f3\u017aniej w dniu przyjazdu.1.3. Zmiana lub anulowanie rezerwacji mo\u017cliwe s\u0105 zgodnie z warunkami podanymi w [&hellip;]\" \/>\n<meta property=\"og:url\" content=\"https:\/\/wildeye.pl\/en\/regulamin\/\" \/>\n<meta property=\"og:site_name\" content=\"WildEye\" \/>\n<meta property=\"article:modified_time\" content=\"2025-07-31T13:38:54+00:00\" \/>\n<meta name=\"twitter:card\" content=\"summary_large_image\" \/>\n<meta name=\"twitter:label1\" content=\"Estimated reading time\" \/>\n\t<meta name=\"twitter:data1\" content=\"5 minutes\" \/>\n<script type=\"application\/ld+json\" class=\"yoast-schema-graph\">{\"@context\":\"https:\/\/schema.org\",\"@graph\":[{\"@type\":\"WebPage\",\"@id\":\"https:\/\/wildeye.pl\/regulamin\/\",\"url\":\"https:\/\/wildeye.pl\/regulamin\/\",\"name\":\"Regulamin - WildEye\",\"isPartOf\":{\"@id\":\"https:\/\/wildeye.pl\/#website\"},\"datePublished\":\"2025-07-31T10:13:00+00:00\",\"dateModified\":\"2025-07-31T13:38:54+00:00\",\"breadcrumb\":{\"@id\":\"https:\/\/wildeye.pl\/regulamin\/#breadcrumb\"},\"inLanguage\":\"en-GB\",\"potentialAction\":[{\"@type\":\"ReadAction\",\"target\":[\"https:\/\/wildeye.pl\/regulamin\/\"]}]},{\"@type\":\"BreadcrumbList\",\"@id\":\"https:\/\/wildeye.pl\/regulamin\/#breadcrumb\",\"itemListElement\":[{\"@type\":\"ListItem\",\"position\":1,\"name\":\"Strona g\u0142\u00f3wna\",\"item\":\"https:\/\/wildeye.pl\/\"},{\"@type\":\"ListItem\",\"position\":2,\"name\":\"Regulamin\"}]},{\"@type\":\"WebSite\",\"@id\":\"https:\/\/wildeye.pl\/#website\",\"url\":\"https:\/\/wildeye.pl\/\",\"name\":\"WildEye\",\"description\":\"Glamping Beskidy\",\"publisher\":{\"@id\":\"https:\/\/wildeye.pl\/#organization\"},\"potentialAction\":[{\"@type\":\"SearchAction\",\"target\":{\"@type\":\"EntryPoint\",\"urlTemplate\":\"https:\/\/wildeye.pl\/?s={search_term_string}\"},\"query-input\":{\"@type\":\"PropertyValueSpecification\",\"valueRequired\":true,\"valueName\":\"search_term_string\"}}],\"inLanguage\":\"en-GB\"},{\"@type\":\"Organization\",\"@id\":\"https:\/\/wildeye.pl\/#organization\",\"name\":\"WildEye\",\"url\":\"https:\/\/wildeye.pl\/\",\"logo\":{\"@type\":\"ImageObject\",\"inLanguage\":\"en-GB\",\"@id\":\"https:\/\/wildeye.pl\/#\/schema\/logo\/image\/\",\"url\":\"https:\/\/wildeye.pl\/wp-content\/uploads\/2025\/05\/WildEye-Logo-no-background.png\",\"contentUrl\":\"https:\/\/wildeye.pl\/wp-content\/uploads\/2025\/05\/WildEye-Logo-no-background.png\",\"width\":1697,\"height\":1161,\"caption\":\"WildEye\"},\"image\":{\"@id\":\"https:\/\/wildeye.pl\/#\/schema\/logo\/image\/\"}}]}<\/script>\n<!-- \/ Yoast SEO plugin. -->","yoast_head_json":{"title":"Regulamin - WildEye","robots":{"index":"index","follow":"follow","max-snippet":"max-snippet:-1","max-image-preview":"max-image-preview:large","max-video-preview":"max-video-preview:-1"},"canonical":"https:\/\/wildeye.pl\/en\/regulamin\/","og_locale":"en_GB","og_type":"article","og_title":"Regulamin - WildEye","og_description":"regulamin Regulamin okre\u015bla zasady korzystania z przestrzeni glampingowej Wild Eye. Dokonuj\u0105c rezerwacji, Go\u015b\u0107 potwierdza zapoznanie si\u0119 z regulaminem i akceptuje jego postanowienia. 1. Rezerwacja i p\u0142atno\u015b\u0107 1.1. Rezerwacja zostaje potwierdzona po zaksi\u0119gowaniu wymaganej przedp\u0142aty.1.2. Pozosta\u0142a kwota, je\u015bli dotyczy, p\u0142atna jest najp\u00f3\u017aniej w dniu przyjazdu.1.3. Zmiana lub anulowanie rezerwacji mo\u017cliwe s\u0105 zgodnie z warunkami podanymi w [&hellip;]","og_url":"https:\/\/wildeye.pl\/en\/regulamin\/","og_site_name":"WildEye","article_modified_time":"2025-07-31T13:38:54+00:00","twitter_card":"summary_large_image","twitter_misc":{"Estimated reading time":"5 minutes"},"schema":{"@context":"https:\/\/schema.org","@graph":[{"@type":"WebPage","@id":"https:\/\/wildeye.pl\/regulamin\/","url":"https:\/\/wildeye.pl\/regulamin\/","name":"Regulamin - WildEye","isPartOf":{"@id":"https:\/\/wildeye.pl\/#website"},"datePublished":"2025-07-31T10:13:00+00:00","dateModified":"2025-07-31T13:38:54+00:00","breadcrumb":{"@id":"https:\/\/wildeye.pl\/regulamin\/#breadcrumb"},"inLanguage":"en-GB","potentialAction":[{"@type":"ReadAction","target":["https:\/\/wildeye.pl\/regulamin\/"]}]},{"@type":"BreadcrumbList","@id":"https:\/\/wildeye.pl\/regulamin\/#breadcrumb","itemListElement":[{"@type":"ListItem","position":1,"name":"Strona g\u0142\u00f3wna","item":"https:\/\/wildeye.pl\/"},{"@type":"ListItem","position":2,"name":"Regulamin"}]},{"@type":"WebSite","@id":"https:\/\/wildeye.pl\/#website","url":"https:\/\/wildeye.pl\/","name":"WildEye","description":"Glamping Beskidy","publisher":{"@id":"https:\/\/wildeye.pl\/#organization"},"potentialAction":[{"@type":"SearchAction","target":{"@type":"EntryPoint","urlTemplate":"https:\/\/wildeye.pl\/?s={search_term_string}"},"query-input":{"@type":"PropertyValueSpecification","valueRequired":true,"valueName":"search_term_string"}}],"inLanguage":"en-GB"},{"@type":"Organization","@id":"https:\/\/wildeye.pl\/#organization","name":"WildEye","url":"https:\/\/wildeye.pl\/","logo":{"@type":"ImageObject","inLanguage":"en-GB","@id":"https:\/\/wildeye.pl\/#\/schema\/logo\/image\/","url":"https:\/\/wildeye.pl\/wp-content\/uploads\/2025\/05\/WildEye-Logo-no-background.png","contentUrl":"https:\/\/wildeye.pl\/wp-content\/uploads\/2025\/05\/WildEye-Logo-no-background.png","width":1697,"height":1161,"caption":"WildEye"},"image":{"@id":"https:\/\/wildeye.pl\/#\/schema\/logo\/image\/"}}]}},"_links":{"self":[{"href":"https:\/\/wildeye.pl\/en\/wp-json\/wp\/v2\/pages\/5964","targetHints":{"allow":["GET"]}}],"collection":[{"href":"https:\/\/wildeye.pl\/en\/wp-json\/wp\/v2\/pages"}],"about":[{"href":"https:\/\/wildeye.pl\/en\/wp-json\/wp\/v2\/types\/page"}],"author":[{"embeddable":true,"href":"https:\/\/wildeye.pl\/en\/wp-json\/wp\/v2\/users\/1"}],"replies":[{"embeddable":true,"href":"https:\/\/wildeye.pl\/en\/wp-json\/wp\/v2\/comments?post=5964"}],"version-history":[{"count":0,"href":"https:\/\/wildeye.pl\/en\/wp-json\/wp\/v2\/pages\/5964\/revisions"}],"wp:attachment":[{"href":"https:\/\/wildeye.pl\/en\/wp-json\/wp\/v2\/media?parent=5964"}],"curies":[{"name":"wp","href":"https:\/\/api.w.org\/{rel}","templated":true}]}}