{"id":31,"date":"2025-06-04T10:26:47","date_gmt":"2025-06-04T08:26:47","guid":{"rendered":"https:\/\/wildeye.pl\/about\/"},"modified":"2025-08-03T21:31:52","modified_gmt":"2025-08-03T19:31:52","slug":"onas","status":"publish","type":"page","link":"https:\/\/wildeye.pl\/en\/onas\/","title":{"rendered":"About Us"},"content":{"rendered":"<div data-elementor-type=\"wp-page\" data-elementor-id=\"31\" class=\"elementor elementor-31\">\n\t\t\t\t<div class=\"elementor-element elementor-element-9010cd0 e-flex e-con-boxed e-con e-parent\" data-id=\"9010cd0\" data-element_type=\"container\" data-settings=\"{&quot;background_background&quot;:&quot;classic&quot;}\">\n\t\t\t\t\t<div class=\"e-con-inner\">\n\t\t<div class=\"elementor-element elementor-element-5a69cc7 e-con-full e-flex e-con e-child\" data-id=\"5a69cc7\" data-element_type=\"container\">\n\t\t\t\t<div class=\"elementor-element elementor-element-f184ec7 elementor-widget elementor-widget-heading\" data-id=\"f184ec7\" data-element_type=\"widget\" data-widget_type=\"heading.default\">\n\t\t\t\t<div class=\"elementor-widget-container\">\n\t\t\t\t\t<h1 class=\"elementor-heading-title elementor-size-default\">about us<\/h1>\t\t\t\t<\/div>\n\t\t\t\t<\/div>\n\t\t\t\t<\/div>\n\t\t\t\t\t<\/div>\n\t\t\t\t<\/div>\n\t\t<div class=\"elementor-element elementor-element-a529ccb e-flex e-con-boxed e-con e-parent\" data-id=\"a529ccb\" data-element_type=\"container\" data-settings=\"{&quot;background_background&quot;:&quot;classic&quot;}\">\n\t\t\t\t\t<div class=\"e-con-inner\">\n\t\t<div class=\"elementor-element elementor-element-83324c1 e-con-full e-flex e-con e-child\" data-id=\"83324c1\" data-element_type=\"container\">\n\t\t\t\t<div class=\"elementor-element elementor-element-45f990c elementor-widget elementor-widget-heading\" data-id=\"45f990c\" data-element_type=\"widget\" data-widget_type=\"heading.default\">\n\t\t\t\t<div class=\"elementor-widget-container\">\n\t\t\t\t\t<h2 class=\"elementor-heading-title elementor-size-default\">Our place on Earth<\/h2>\t\t\t\t<\/div>\n\t\t\t\t<\/div>\n\t\t\t\t<\/div>\n\t\t<div class=\"elementor-element elementor-element-c4f6020 e-con-full e-flex e-con e-child\" data-id=\"c4f6020\" data-element_type=\"container\">\n\t\t\t\t<div class=\"elementor-element elementor-element-40a9718 elementor-widget elementor-widget-text-editor\" data-id=\"40a9718\" data-element_type=\"widget\" data-widget_type=\"text-editor.default\">\n\t\t\t\t<div class=\"elementor-widget-container\">\n\t\t\t\t\t\t\t\t\t<p>We\u2019re a family of five who, a few years ago, chose to live closer to the forest, the quiet, and each other.\nWe\u2019ve always been drawn to the mountains.\nWe dreamed of a place where life could be simpler, slower, and more connected to nature \u2014 where mountain trails are part of everyday life.<\/p>\t\t\t\t\t\t\t\t<\/div>\n\t\t\t\t<\/div>\n\t\t\t\t<div class=\"elementor-element elementor-element-7f646ff elementor-widget elementor-widget-text-editor\" data-id=\"7f646ff\" data-element_type=\"widget\" data-widget_type=\"text-editor.default\">\n\t\t\t\t<div class=\"elementor-widget-container\">\n\t\t\t\t\t\t\t\t\t<p>When we found this place \u2014 with mountain views and surrounded by woods \u2014 we knew we wanted to share it.<\/p><p>Wild Eye is how we see the world \u2014 slow, simple, and rooted in nature.<\/p><p>We\u2019re not a resort or a tourist attraction \u2014 more like a home with heart.\nOur place lives with us and changes slowly, naturally \u2014 just as we want every guest to grow and change here.<\/p><p>This isn\u2019t a hotel or an all-inclusive package. It\u2019s our place \u2014 crafted with hands and heart \u2014 for those looking for more than just accommodation. A true connection with nature and with yourself.<\/p>\t\t\t\t\t\t\t\t<\/div>\n\t\t\t\t<\/div>\n\t\t\t\t<div class=\"elementor-element elementor-element-56b5d2d elementor-widget elementor-widget-text-editor\" data-id=\"56b5d2d\" data-element_type=\"widget\" data-widget_type=\"text-editor.default\">\n\t\t\t\t<div class=\"elementor-widget-container\">\n\t\t\t\t\t\t\t\t\t<p>You\u2019ll also be welcomed by our woodland friends - Giewont, a Bernese Mountain Dog with a heart as big as the mountains, and Mruczek, a humble housecat who knows every tree and stone here. They\u2019ve been with us from the very beginning and are an essential part of Wild Eye.<\/p><p>Join us with mindfulness, calm, and openness for whatever the forest unfolds.<\/p>\t\t\t\t\t\t\t\t<\/div>\n\t\t\t\t<\/div>\n\t\t\t\t<div class=\"elementor-element elementor-element-5fe168e elementor-widget elementor-widget-heading\" data-id=\"5fe168e\" data-element_type=\"widget\" data-widget_type=\"heading.default\">\n\t\t\t\t<div class=\"elementor-widget-container\">\n\t\t\t\t\t<h3 class=\"elementor-heading-title elementor-size-medium\">Kasia &amp; Maciek<\/h3>\t\t\t\t<\/div>\n\t\t\t\t<\/div>\n\t\t\t\t<\/div>\n\t\t\t\t\t<\/div>\n\t\t\t\t<\/div>\n\t\t<div class=\"elementor-element elementor-element-c2553ad e-flex e-con-boxed e-con e-parent\" data-id=\"c2553ad\" data-element_type=\"container\">\n\t\t\t\t\t<div class=\"e-con-inner\">\n\t\t\t\t<div class=\"elementor-element elementor-element-839849d elementor-widget elementor-widget-image\" data-id=\"839849d\" data-element_type=\"widget\" data-widget_type=\"image.default\">\n\t\t\t\t<div class=\"elementor-widget-container\">\n\t\t\t\t\t\t\t\t\t\t\t\t\t\t\t<img fetchpriority=\"high\" decoding=\"async\" width=\"768\" height=\"525\" src=\"https:\/\/wildeye.pl\/wp-content\/uploads\/2025\/05\/Screenshot-2025-01-14-092511-768x525.png\" class=\"attachment-medium_large size-medium_large wp-image-4368\" alt=\"\" srcset=\"https:\/\/wildeye.pl\/wp-content\/uploads\/2025\/05\/Screenshot-2025-01-14-092511-768x525.png 768w, https:\/\/wildeye.pl\/wp-content\/uploads\/2025\/05\/Screenshot-2025-01-14-092511-300x205.png 300w, https:\/\/wildeye.pl\/wp-content\/uploads\/2025\/05\/Screenshot-2025-01-14-092511-1024x701.png 1024w, https:\/\/wildeye.pl\/wp-content\/uploads\/2025\/05\/Screenshot-2025-01-14-092511-1536x1051.png 1536w, https:\/\/wildeye.pl\/wp-content\/uploads\/2025\/05\/Screenshot-2025-01-14-092511-225x154.png 225w, https:\/\/wildeye.pl\/wp-content\/uploads\/2025\/05\/Screenshot-2025-01-14-092511.png 1697w\" sizes=\"(max-width: 768px) 100vw, 768px\" \/>\t\t\t\t\t\t\t\t\t\t\t\t\t\t\t<\/div>\n\t\t\t\t<\/div>\n\t\t\t\t\t<\/div>\n\t\t\t\t<\/div>\n\t\t<div class=\"elementor-element elementor-element-a1d722d e-flex e-con-boxed e-con e-parent\" data-id=\"a1d722d\" data-element_type=\"container\" data-settings=\"{&quot;background_background&quot;:&quot;classic&quot;}\">\n\t\t\t\t\t<div class=\"e-con-inner\">\n\t\t<div class=\"elementor-element elementor-element-44f22fb e-con-full e-flex e-con e-child\" data-id=\"44f22fb\" data-element_type=\"container\">\n\t\t\t\t<div class=\"elementor-element elementor-element-0b3d95d elementor-widget elementor-widget-heading\" data-id=\"0b3d95d\" data-element_type=\"widget\" data-widget_type=\"heading.default\">\n\t\t\t\t<div class=\"elementor-widget-container\">\n\t\t\t\t\t<h2 class=\"elementor-heading-title elementor-size-default\">more than just a logo<\/h2>\t\t\t\t<\/div>\n\t\t\t\t<\/div>\n\t\t\t\t<\/div>\n\t\t<div class=\"elementor-element elementor-element-0ec9608 e-con-full e-flex e-con e-child\" data-id=\"0ec9608\" data-element_type=\"container\">\n\t\t\t\t<div class=\"elementor-element elementor-element-bb97a57 elementor-widget elementor-widget-text-editor\" data-id=\"bb97a57\" data-element_type=\"widget\" data-widget_type=\"text-editor.default\">\n\t\t\t\t<div class=\"elementor-widget-container\">\n\t\t\t\t\t\t\t\t\t<p data-start=\"167\" data-end=\"497\">Our logo was crafted by our talented niece, who, at a young age, captured with sensitivity and attention to detail what matters most to us: the closeness of nature, the calm of the forest, and the mysterious spirit of Wild Eye.<\/p>\t\t\t\t\t\t\t\t<\/div>\n\t\t\t\t<\/div>\n\t\t\t\t<div class=\"elementor-element elementor-element-5cc69bd elementor-widget elementor-widget-text-editor\" data-id=\"5cc69bd\" data-element_type=\"widget\" data-widget_type=\"text-editor.default\">\n\t\t\t\t<div class=\"elementor-widget-container\">\n\t\t\t\t\t\t\t\t\t<p>We\u2019re proud to share this unique symbol with our guests, as it gives Wild Eye its unique character.<\/p>\t\t\t\t\t\t\t\t<\/div>\n\t\t\t\t<\/div>\n\t\t\t\t<div class=\"elementor-element elementor-element-afb4ee2 elementor-widget elementor-widget-heading\" data-id=\"afb4ee2\" data-element_type=\"widget\" data-widget_type=\"heading.default\">\n\t\t\t\t<div class=\"elementor-widget-container\">\n\t\t\t\t\t<h3 class=\"elementor-heading-title elementor-size-medium\">Design: Zuzia St\u0119pie\u0144<\/h3>\t\t\t\t<\/div>\n\t\t\t\t<\/div>\n\t\t\t\t<div class=\"elementor-element elementor-element-1e0a6e0 elementor-align-left elementor-icon-list--layout-inline elementor-list-item-link-full_width elementor-widget elementor-widget-icon-list\" data-id=\"1e0a6e0\" data-element_type=\"widget\" data-widget_type=\"icon-list.default\">\n\t\t\t\t<div class=\"elementor-widget-container\">\n\t\t\t\t\t\t\t<ul class=\"elementor-icon-list-items elementor-inline-items\">\n\t\t\t\t\t\t\t<li class=\"elementor-icon-list-item elementor-inline-item\">\n\t\t\t\t\t\t\t\t\t\t\t<a href=\"https:\/\/www.instagram.com\/cherrytoo.v\">\n\n\t\t\t\t\t\t\t\t\t\t\t\t<span class=\"elementor-icon-list-icon\">\n\t\t\t\t\t\t\t<svg aria-hidden=\"true\" class=\"e-font-icon-svg e-fab-instagram\" viewbox=\"0 0 448 512\" xmlns=\"http:\/\/www.w3.org\/2000\/svg\"><path d=\"M224.1 141c-63.6 0-114.9 51.3-114.9 114.9s51.3 114.9 114.9 114.9S339 319.5 339 255.9 287.7 141 224.1 141zm0 189.6c-41.1 0-74.7-33.5-74.7-74.7s33.5-74.7 74.7-74.7 74.7 33.5 74.7 74.7-33.6 74.7-74.7 74.7zm146.4-194.3c0 14.9-12 26.8-26.8 26.8-14.9 0-26.8-12-26.8-26.8s12-26.8 26.8-26.8 26.8 12 26.8 26.8zm76.1 27.2c-1.7-35.9-9.9-67.7-36.2-93.9-26.2-26.2-58-34.4-93.9-36.2-37-2.1-147.9-2.1-184.9 0-35.8 1.7-67.6 9.9-93.9 36.1s-34.4 58-36.2 93.9c-2.1 37-2.1 147.9 0 184.9 1.7 35.9 9.9 67.7 36.2 93.9s58 34.4 93.9 36.2c37 2.1 147.9 2.1 184.9 0 35.9-1.7 67.7-9.9 93.9-36.2 26.2-26.2 34.4-58 36.2-93.9 2.1-37 2.1-147.8 0-184.8zM398.8 388c-7.8 19.6-22.9 34.7-42.6 42.6-29.5 11.7-99.5 9-132.1 9s-102.7 2.6-132.1-9c-19.6-7.8-34.7-22.9-42.6-42.6-11.7-29.5-9-99.5-9-132.1s-2.6-102.7 9-132.1c7.8-19.6 22.9-34.7 42.6-42.6 29.5-11.7 99.5-9 132.1-9s102.7-2.6 132.1 9c19.6 7.8 34.7 22.9 42.6 42.6 11.7 29.5 9 99.5 9 132.1s2.7 102.7-9 132.1z\"><\/path><\/svg>\t\t\t\t\t\t<\/span>\n\t\t\t\t\t\t\t\t\t\t<span class=\"elementor-icon-list-text\"><\/span>\n\t\t\t\t\t\t\t\t\t\t\t<\/a>\n\t\t\t\t\t\t\t\t\t<\/li>\n\t\t\t\t\t\t<\/ul>\n\t\t\t\t\t\t<\/div>\n\t\t\t\t<\/div>\n\t\t\t\t<\/div>\n\t\t\t\t\t<\/div>\n\t\t\t\t<\/div>\n\t\t\t\t<\/div>","protected":false},"excerpt":{"rendered":"<p>o nas Nasze miejsce na Ziemii Jeste\u015bmy pi\u0119cioosobow\u0105 rodzin\u0105 &#8211; kilka lat temu postanowili\u015bmy zamieszka\u0107 bli\u017cej lasu, ciszy i siebie nawzajem. Od zawsze ci\u0105gn\u0119\u0142o nas w g\u00f3ry. Marzyli\u015bmy o miejscu, gdzie mo\u017cna \u017cy\u0107 pro\u015bciej, wolniej i bli\u017cej natury. Gdzie g\u00f3rskie \u015bcie\u017cki s\u0105 na wyci\u0105gni\u0119cie r\u0119ki nie tylko od \u015bwi\u0119ta, ale na co dzie\u0144. O wsi [&hellip;]<\/p>","protected":false},"author":1,"featured_media":0,"parent":0,"menu_order":0,"comment_status":"closed","ping_status":"closed","template":"","meta":{"site-sidebar-layout":"no-sidebar","site-content-layout":"page-builder","ast-site-content-layout":"","site-content-style":"default","site-sidebar-style":"default","ast-global-header-display":"","ast-banner-title-visibility":"","ast-main-header-display":"","ast-hfb-above-header-display":"","ast-hfb-below-header-display":"","ast-hfb-mobile-header-display":"","site-post-title":"disabled","ast-breadcrumbs-content":"","ast-featured-img":"","footer-sml-layout":"","theme-transparent-header-meta":"enabled","adv-header-id-meta":"","stick-header-meta":"","header-above-stick-meta":"","header-main-stick-meta":"","header-below-stick-meta":"","astra-migrate-meta-layouts":"default","ast-page-background-enabled":"default","ast-page-background-meta":{"desktop":{"background-color":"","background-image":"","background-repeat":"repeat","background-position":"center center","background-size":"auto","background-attachment":"scroll","background-type":"","background-media":"","overlay-type":"","overlay-color":"","overlay-opacity":"","overlay-gradient":""},"tablet":{"background-color":"","background-image":"","background-repeat":"repeat","background-position":"center center","background-size":"auto","background-attachment":"scroll","background-type":"","background-media":"","overlay-type":"","overlay-color":"","overlay-opacity":"","overlay-gradient":""},"mobile":{"background-color":"","background-image":"","background-repeat":"repeat","background-position":"center center","background-size":"auto","background-attachment":"scroll","background-type":"","background-media":"","overlay-type":"","overlay-color":"","overlay-opacity":"","overlay-gradient":""}},"ast-content-background-meta":{"desktop":{"background-color":"var(--ast-global-color-5)","background-image":"","background-repeat":"repeat","background-position":"center center","background-size":"auto","background-attachment":"scroll","background-type":"","background-media":"","overlay-type":"","overlay-color":"","overlay-opacity":"","overlay-gradient":""},"tablet":{"background-color":"var(--ast-global-color-5)","background-image":"","background-repeat":"repeat","background-position":"center center","background-size":"auto","background-attachment":"scroll","background-type":"","background-media":"","overlay-type":"","overlay-color":"","overlay-opacity":"","overlay-gradient":""},"mobile":{"background-color":"var(--ast-global-color-5)","background-image":"","background-repeat":"repeat","background-position":"center center","background-size":"auto","background-attachment":"scroll","background-type":"","background-media":"","overlay-type":"","overlay-color":"","overlay-opacity":"","overlay-gradient":""}},"footnotes":""},"class_list":["post-31","page","type-page","status-publish","hentry"],"yoast_head":"<!-- This site is optimized with the Yoast SEO plugin v25.5 - https:\/\/yoast.com\/wordpress\/plugins\/seo\/ -->\n<title>O Nas - WildEye<\/title>\n<meta name=\"robots\" content=\"index, follow, max-snippet:-1, max-image-preview:large, max-video-preview:-1\" \/>\n<link rel=\"canonical\" href=\"https:\/\/wildeye.pl\/en\/onas\/\" \/>\n<meta property=\"og:locale\" content=\"en_GB\" \/>\n<meta property=\"og:type\" content=\"article\" \/>\n<meta property=\"og:title\" content=\"O Nas - WildEye\" \/>\n<meta property=\"og:description\" content=\"o nas Nasze miejsce na Ziemii Jeste\u015bmy pi\u0119cioosobow\u0105 rodzin\u0105 &#8211; kilka lat temu postanowili\u015bmy zamieszka\u0107 bli\u017cej lasu, ciszy i siebie nawzajem. Od zawsze ci\u0105gn\u0119\u0142o nas w g\u00f3ry. Marzyli\u015bmy o miejscu, gdzie mo\u017cna \u017cy\u0107 pro\u015bciej, wolniej i bli\u017cej natury. Gdzie g\u00f3rskie \u015bcie\u017cki s\u0105 na wyci\u0105gni\u0119cie r\u0119ki nie tylko od \u015bwi\u0119ta, ale na co dzie\u0144. O wsi [&hellip;]\" \/>\n<meta property=\"og:url\" content=\"https:\/\/wildeye.pl\/en\/onas\/\" \/>\n<meta property=\"og:site_name\" content=\"WildEye\" \/>\n<meta property=\"article:modified_time\" content=\"2025-08-03T19:31:52+00:00\" \/>\n<meta property=\"og:image\" content=\"https:\/\/wildeye.pl\/wp-content\/uploads\/2025\/05\/Screenshot-2025-01-14-092511.png\" \/>\n\t<meta property=\"og:image:width\" content=\"1697\" \/>\n\t<meta property=\"og:image:height\" content=\"1161\" \/>\n\t<meta property=\"og:image:type\" content=\"image\/png\" \/>\n<meta name=\"twitter:card\" content=\"summary_large_image\" \/>\n<meta name=\"twitter:label1\" content=\"Estimated reading time\" \/>\n\t<meta name=\"twitter:data1\" content=\"3 minutes\" \/>\n<script type=\"application\/ld+json\" class=\"yoast-schema-graph\">{\"@context\":\"https:\/\/schema.org\",\"@graph\":[{\"@type\":\"WebPage\",\"@id\":\"https:\/\/wildeye.pl\/onas\/\",\"url\":\"https:\/\/wildeye.pl\/onas\/\",\"name\":\"O Nas - WildEye\",\"isPartOf\":{\"@id\":\"https:\/\/wildeye.pl\/#website\"},\"primaryImageOfPage\":{\"@id\":\"https:\/\/wildeye.pl\/onas\/#primaryimage\"},\"image\":{\"@id\":\"https:\/\/wildeye.pl\/onas\/#primaryimage\"},\"thumbnailUrl\":\"https:\/\/wildeye.pl\/wp-content\/uploads\/2025\/05\/Screenshot-2025-01-14-092511-768x525.png\",\"datePublished\":\"2025-06-04T08:26:47+00:00\",\"dateModified\":\"2025-08-03T19:31:52+00:00\",\"breadcrumb\":{\"@id\":\"https:\/\/wildeye.pl\/onas\/#breadcrumb\"},\"inLanguage\":\"en-GB\",\"potentialAction\":[{\"@type\":\"ReadAction\",\"target\":[\"https:\/\/wildeye.pl\/onas\/\"]}]},{\"@type\":\"ImageObject\",\"inLanguage\":\"en-GB\",\"@id\":\"https:\/\/wildeye.pl\/onas\/#primaryimage\",\"url\":\"https:\/\/wildeye.pl\/wp-content\/uploads\/2025\/05\/Screenshot-2025-01-14-092511-768x525.png\",\"contentUrl\":\"https:\/\/wildeye.pl\/wp-content\/uploads\/2025\/05\/Screenshot-2025-01-14-092511-768x525.png\"},{\"@type\":\"BreadcrumbList\",\"@id\":\"https:\/\/wildeye.pl\/onas\/#breadcrumb\",\"itemListElement\":[{\"@type\":\"ListItem\",\"position\":1,\"name\":\"Strona g\u0142\u00f3wna\",\"item\":\"https:\/\/wildeye.pl\/\"},{\"@type\":\"ListItem\",\"position\":2,\"name\":\"O Nas\"}]},{\"@type\":\"WebSite\",\"@id\":\"https:\/\/wildeye.pl\/#website\",\"url\":\"https:\/\/wildeye.pl\/\",\"name\":\"WildEye\",\"description\":\"Glamping Beskidy\",\"publisher\":{\"@id\":\"https:\/\/wildeye.pl\/#organization\"},\"potentialAction\":[{\"@type\":\"SearchAction\",\"target\":{\"@type\":\"EntryPoint\",\"urlTemplate\":\"https:\/\/wildeye.pl\/?s={search_term_string}\"},\"query-input\":{\"@type\":\"PropertyValueSpecification\",\"valueRequired\":true,\"valueName\":\"search_term_string\"}}],\"inLanguage\":\"en-GB\"},{\"@type\":\"Organization\",\"@id\":\"https:\/\/wildeye.pl\/#organization\",\"name\":\"WildEye\",\"url\":\"https:\/\/wildeye.pl\/\",\"logo\":{\"@type\":\"ImageObject\",\"inLanguage\":\"en-GB\",\"@id\":\"https:\/\/wildeye.pl\/#\/schema\/logo\/image\/\",\"url\":\"https:\/\/wildeye.pl\/wp-content\/uploads\/2025\/05\/WildEye-Logo-no-background.png\",\"contentUrl\":\"https:\/\/wildeye.pl\/wp-content\/uploads\/2025\/05\/WildEye-Logo-no-background.png\",\"width\":1697,\"height\":1161,\"caption\":\"WildEye\"},\"image\":{\"@id\":\"https:\/\/wildeye.pl\/#\/schema\/logo\/image\/\"}}]}<\/script>\n<!-- \/ Yoast SEO plugin. -->","yoast_head_json":{"title":"O Nas - WildEye","robots":{"index":"index","follow":"follow","max-snippet":"max-snippet:-1","max-image-preview":"max-image-preview:large","max-video-preview":"max-video-preview:-1"},"canonical":"https:\/\/wildeye.pl\/en\/onas\/","og_locale":"en_GB","og_type":"article","og_title":"O Nas - WildEye","og_description":"o nas Nasze miejsce na Ziemii Jeste\u015bmy pi\u0119cioosobow\u0105 rodzin\u0105 &#8211; kilka lat temu postanowili\u015bmy zamieszka\u0107 bli\u017cej lasu, ciszy i siebie nawzajem. Od zawsze ci\u0105gn\u0119\u0142o nas w g\u00f3ry. Marzyli\u015bmy o miejscu, gdzie mo\u017cna \u017cy\u0107 pro\u015bciej, wolniej i bli\u017cej natury. Gdzie g\u00f3rskie \u015bcie\u017cki s\u0105 na wyci\u0105gni\u0119cie r\u0119ki nie tylko od \u015bwi\u0119ta, ale na co dzie\u0144. O wsi [&hellip;]","og_url":"https:\/\/wildeye.pl\/en\/onas\/","og_site_name":"WildEye","article_modified_time":"2025-08-03T19:31:52+00:00","og_image":[{"width":1697,"height":1161,"url":"https:\/\/wildeye.pl\/wp-content\/uploads\/2025\/05\/Screenshot-2025-01-14-092511.png","type":"image\/png"}],"twitter_card":"summary_large_image","twitter_misc":{"Estimated reading time":"3 minutes"},"schema":{"@context":"https:\/\/schema.org","@graph":[{"@type":"WebPage","@id":"https:\/\/wildeye.pl\/onas\/","url":"https:\/\/wildeye.pl\/onas\/","name":"O Nas - WildEye","isPartOf":{"@id":"https:\/\/wildeye.pl\/#website"},"primaryImageOfPage":{"@id":"https:\/\/wildeye.pl\/onas\/#primaryimage"},"image":{"@id":"https:\/\/wildeye.pl\/onas\/#primaryimage"},"thumbnailUrl":"https:\/\/wildeye.pl\/wp-content\/uploads\/2025\/05\/Screenshot-2025-01-14-092511-768x525.png","datePublished":"2025-06-04T08:26:47+00:00","dateModified":"2025-08-03T19:31:52+00:00","breadcrumb":{"@id":"https:\/\/wildeye.pl\/onas\/#breadcrumb"},"inLanguage":"en-GB","potentialAction":[{"@type":"ReadAction","target":["https:\/\/wildeye.pl\/onas\/"]}]},{"@type":"ImageObject","inLanguage":"en-GB","@id":"https:\/\/wildeye.pl\/onas\/#primaryimage","url":"https:\/\/wildeye.pl\/wp-content\/uploads\/2025\/05\/Screenshot-2025-01-14-092511-768x525.png","contentUrl":"https:\/\/wildeye.pl\/wp-content\/uploads\/2025\/05\/Screenshot-2025-01-14-092511-768x525.png"},{"@type":"BreadcrumbList","@id":"https:\/\/wildeye.pl\/onas\/#breadcrumb","itemListElement":[{"@type":"ListItem","position":1,"name":"Strona g\u0142\u00f3wna","item":"https:\/\/wildeye.pl\/"},{"@type":"ListItem","position":2,"name":"O Nas"}]},{"@type":"WebSite","@id":"https:\/\/wildeye.pl\/#website","url":"https:\/\/wildeye.pl\/","name":"WildEye","description":"Glamping Beskidy","publisher":{"@id":"https:\/\/wildeye.pl\/#organization"},"potentialAction":[{"@type":"SearchAction","target":{"@type":"EntryPoint","urlTemplate":"https:\/\/wildeye.pl\/?s={search_term_string}"},"query-input":{"@type":"PropertyValueSpecification","valueRequired":true,"valueName":"search_term_string"}}],"inLanguage":"en-GB"},{"@type":"Organization","@id":"https:\/\/wildeye.pl\/#organization","name":"WildEye","url":"https:\/\/wildeye.pl\/","logo":{"@type":"ImageObject","inLanguage":"en-GB","@id":"https:\/\/wildeye.pl\/#\/schema\/logo\/image\/","url":"https:\/\/wildeye.pl\/wp-content\/uploads\/2025\/05\/WildEye-Logo-no-background.png","contentUrl":"https:\/\/wildeye.pl\/wp-content\/uploads\/2025\/05\/WildEye-Logo-no-background.png","width":1697,"height":1161,"caption":"WildEye"},"image":{"@id":"https:\/\/wildeye.pl\/#\/schema\/logo\/image\/"}}]}},"_links":{"self":[{"href":"https:\/\/wildeye.pl\/en\/wp-json\/wp\/v2\/pages\/31","targetHints":{"allow":["GET"]}}],"collection":[{"href":"https:\/\/wildeye.pl\/en\/wp-json\/wp\/v2\/pages"}],"about":[{"href":"https:\/\/wildeye.pl\/en\/wp-json\/wp\/v2\/types\/page"}],"author":[{"embeddable":true,"href":"https:\/\/wildeye.pl\/en\/wp-json\/wp\/v2\/users\/1"}],"replies":[{"embeddable":true,"href":"https:\/\/wildeye.pl\/en\/wp-json\/wp\/v2\/comments?post=31"}],"version-history":[{"count":0,"href":"https:\/\/wildeye.pl\/en\/wp-json\/wp\/v2\/pages\/31\/revisions"}],"wp:attachment":[{"href":"https:\/\/wildeye.pl\/en\/wp-json\/wp\/v2\/media?parent=31"}],"curies":[{"name":"wp","href":"https:\/\/api.w.org\/{rel}","templated":true}]}}